{"id":2,"date":"2020-10-24T22:08:46","date_gmt":"2020-10-24T22:08:46","guid":{"rendered":"https:\/\/oneandonly.com.ar\/?page_id=2"},"modified":"2020-10-29T01:10:26","modified_gmt":"2020-10-29T01:10:26","slug":"pagina-ejemplo","status":"publish","type":"page","link":"https:\/\/oneandonly.com.ar\/?page_id=2","title":{"rendered":"Quienes Somos"},"content":{"rendered":"\n<p class=\"has-medium-font-size\"><strong>One&amp;Only &#8211; Cl\u00e1sicos y \u00danicos. Tienda de bebes ( RN a 2 a\u00f1os)<\/strong><br><strong>Quienes somos.<\/strong><br>Somos una empresa que se inspiro con el legado de los abuelos napolitanos de una de sus due\u00f1as (Marcela), a fin de recrear para cada reci\u00e9n nacido productos cl\u00e1sicos y artesanales, dando prioridad a los materiales nobles, a los detalles \u00fanicos y a la confecci\u00f3n de calidad, pero sin dejar de lado el toque moderno y practico que requieren estos tiempos.<br>El coraz\u00f3n de <strong>One&amp;Only <\/strong>es el volver a traer el cl\u00e1sico estilo bebe, en esta etapa tan cortita que transitan nuestros hijos, sin perdernos de esa esencia.<\/p>\n","protected":false},"excerpt":{"rendered":"<p>One&amp;Only &#8211; Cl\u00e1sicos y \u00danicos. Tienda de bebes ( RN a 2 a\u00f1os)Quienes somos.Somos una empresa que se inspiro con el legado de los abuelos [&hellip;]<\/p>\n","protected":false},"author":1,"featured_media":0,"parent":0,"menu_order":1,"comment_status":"closed","ping_status":"closed","template":"","meta":[],"_links":{"self":[{"href":"https:\/\/oneandonly.com.ar\/index.php?rest_route=\/wp\/v2\/pages\/2"}],"collection":[{"href":"https:\/\/oneandonly.com.ar\/index.php?rest_route=\/wp\/v2\/pages"}],"about":[{"href":"https:\/\/oneandonly.com.ar\/index.php?rest_route=\/wp\/v2\/types\/page"}],"author":[{"embeddable":true,"href":"https:\/\/oneandonly.com.ar\/index.php?rest_route=\/wp\/v2\/users\/1"}],"replies":[{"embeddable":true,"href":"https:\/\/oneandonly.com.ar\/index.php?rest_route=%2Fwp%2Fv2%2Fcomments&post=2"}],"version-history":[{"count":4,"href":"https:\/\/oneandonly.com.ar\/index.php?rest_route=\/wp\/v2\/pages\/2\/revisions"}],"predecessor-version":[{"id":58,"href":"https:\/\/oneandonly.com.ar\/index.php?rest_route=\/wp\/v2\/pages\/2\/revisions\/58"}],"wp:attachment":[{"href":"https:\/\/oneandonly.com.ar\/index.php?rest_route=%2Fwp%2Fv2%2Fmedia&parent=2"}],"curies":[{"name":"wp","href":"https:\/\/api.w.org\/{rel}","templated":true}]}}